{"id":86,"date":"2020-05-27T18:36:26","date_gmt":"2020-05-27T16:36:26","guid":{"rendered":"http:\/\/www.t2.mdep.pl\/?page_id=86"},"modified":"2022-08-30T21:57:26","modified_gmt":"2022-08-30T19:57:26","slug":"historia-parafii","status":"publish","type":"page","link":"https:\/\/parafiaszczawa.pl\/index.php\/historia-parafii\/","title":{"rendered":"Kalendarium parafii w Szczawie"},"content":{"rendered":"\n<p><strong>Szczawa pierwotnie nale\u017ca\u0142a do Parafii Przemienienia Pa\u0144skiego i Nawiedzenia NMP w Kamienicy. Dzia\u0142ania zwi\u0105zane z wyodr\u0119bnieniem wsi z jej macierzystej parafii si\u0119gaj\u0105 czas\u00f3w przed II wojn\u0105 \u015bwiatow\u0105. Poni\u017csze kalendarium przybli\u017ca histori\u0119 utworzenia naszej samodzielnej plac\u00f3wki duszpasterskiej.<\/strong><\/p>\n\n\n\n<p><strong>1932<\/strong><\/p>\n\n\n\n<p>Wystosowanie pisma przez ks. Jana Ro\u015bka, proboszcza kamienickiej parafii do Kurii Diecezjalnej w Tarnowie z pro\u015bb\u0105 o wyra\u017cenie zgody na celebrowanie mszy \u015bwi\u0119tych przynajmniej w niedziel\u0119 i \u015bwi\u0119ta w \u201eBia\u0142ej Kaplicy\u201d w Szczawie \u2013 w zwi\u0105zku z du\u017c\u0105 odleg\u0142o\u015bci\u0105 wsi od macierzystej parafii w Kamienicy.<\/p>\n\n\n\n<p><strong>1934<\/strong><\/p>\n\n\n\n<p>Pierwsza Msza \u015awi\u0119ta w kapliczce w osiedlu Pod Turni\u0105.<\/p>\n\n\n\n<p><strong>II wojna \u015bwiatowa<\/strong><\/p>\n\n\n\n<p>Partyzanckie plany dotycz\u0105ce ko\u015bcio\u0142a w Szczawie: \u201eZbudujemy ko\u015bci\u00f3\u0142 w Szczawie&nbsp; po wojnie jako wotum dzi\u0119kczynienia, z\u0142o\u017cone Naj\u015bwi\u0119tszemu Sercu Pana Jezusa za ocalenie\u201d.<\/p>\n\n\n\n<p><strong>pocz\u0105tek 1947<\/strong><\/p>\n\n\n\n<p>Podj\u0119cie pierwszych dzia\u0142a\u0144 zwi\u0105zanych z budow\u0105 \u015bwi\u0105tyni w Szczawie.<\/p>\n\n\n\n<p><strong>5 maja 1947<\/strong><\/p>\n\n\n\n<p>Zawi\u0105zanie przez mieszka\u0144c\u00f3w Szczawy Komitetu Budowy Ko\u015bcio\u0142a i Parafii w Szczawie.<\/p>\n\n\n\n<p><strong>&nbsp;listopad 1947<\/strong><\/p>\n\n\n\n<p>Zgoda ks. biskupa Jana Stepy na zorganizowanie nowej plac\u00f3wki duszpasterskiej w Szczawie. Rozpocz\u0119cie prac przygotowawczych przez ks. proboszcza parafii w Kamienicy.<\/p>\n\n\n\n<p><strong>1956<\/strong><\/p>\n\n\n\n<p>Wznowienie dzia\u0142a\u0144 przez ks. Jana Lecha zmierzaj\u0105cych do zorganizowania nowej parafii.<\/p>\n\n\n\n<p><strong>1957<\/strong><\/p>\n\n\n\n<p>Rozpocz\u0119cie prac przy budowie ko\u015bcio\u0142a w Szczawie przez ks. Kazimierza Ochaba skierowanego do pracy duszpasterskiej w parafii w Kamienicy.<\/p>\n\n\n\n<p><strong>1958<\/strong>&nbsp;<\/p>\n\n\n\n<p>Doprowadzenie przez ks. Kazimierza Ochaba budowy ko\u015bcio\u0142a do stanu surowego otwartego. Wydzielenie z parafii&nbsp;w&nbsp; Kamienicy&nbsp; samodzielnej&nbsp; plac\u00f3wki&nbsp; duszpasterskiej w Szczawie, tzw. wikarii parafialnej. Skierowanie ks. Edwarda F\u0105fary do pracy w nowo erygowanej plac\u00f3wce.<\/p>\n\n\n\n<p><strong>1959<\/strong><\/p>\n\n\n\n<p>Uko\u0144czenie prac budowlanych. Oddanie \u015bwi\u0105tyni do u\u017cytku.<\/p>\n\n\n\n<p><strong>maj 1963<\/strong><\/p>\n\n\n\n<p>Zako\u0144czenie g\u0142\u00f3wnych prac zwi\u0105zanych z wyposa\u017ceniem wn\u0119trza. Du\u017ce w tym zakresie finansowe i materialne wsparcie przez by\u0142ych \u017co\u0142nierzy 1 PSP AK.<\/p>\n\n\n\n<p><strong>17 czerwca 1963<\/strong><\/p>\n\n\n\n<p>Po\u015bwi\u0119cenie ko\u015bcio\u0142a, zwanego Ko\u015bcio\u0142em Partyzanckim.<\/p>\n\n\n\n<p><strong>1978<\/strong><\/p>\n\n\n\n<p>Pierwsze plany budowy nowej \u015bwi\u0105tyni mog\u0105cej pomie\u015bci\u0107 wszystkich parafian.<\/p>\n\n\n\n<p><strong>6 grudnia 1980<\/strong><\/p>\n\n\n\n<p>Na mocy dekretu ks. biskupa Jerzego Ablewicza przekszta\u0142cenie wikarii parafialnej w Szczawie w parafi\u0119. Tym samym utworzenie samodzielnej organizacyjno \u2013 prawnej jednostki ko\u015bcielnej.<\/p>\n\n\n\n<p><strong>1992<\/strong><\/p>\n\n\n\n<p>Podj\u0119cie decyzji o budowie nowego wi\u0119kszego ko\u015bcio\u0142a. Rozpocz\u0119cie w tym zakresie prac.<\/p>\n\n\n\n<p><strong>18 sierpnia 1996<\/strong>&nbsp;<\/p>\n\n\n\n<p>Po\u015bwi\u0119cenie i wmurowanie kamienia w\u0119gielnego.<\/p>\n\n\n\n<p><strong>2000<\/strong>&nbsp;<\/p>\n\n\n\n<p>Pierwsza Msza \u015awi\u0119ta w nowej \u015bwi\u0105tyni.<\/p>\n\n\n\n<p><strong>2020<\/strong><\/p>\n\n\n\n<p>Przygotowania do konsekracji ko\u015bcio\u0142a.<\/p>\n\n\n\n<p><strong>26 czerwca 2022<\/strong><\/p>\n\n\n\n<p>Konsekracja ko\u015bcio\u0142a<\/p>\n","protected":false},"excerpt":{"rendered":"<p>Szczawa pierwotnie nale\u017ca\u0142a do Parafii Przemienienia Pa\u0144skiego i Nawiedzenia NMP w Kamienicy. Dzia\u0142ania zwi\u0105zane z wyodr\u0119bnieniem wsi z jej macierzystej parafii si\u0119gaj\u0105 czas\u00f3w przed II wojn\u0105 \u015bwiatow\u0105. Poni\u017csze kalendarium przybli\u017ca histori\u0119 utworzenia naszej samodzielnej plac\u00f3wki duszpasterskiej. 1932 Wystosowanie pisma przez &hellip; <a href=\"https:\/\/parafiaszczawa.pl\/index.php\/historia-parafii\/\">Czytaj dalej <span class=\"meta-nav\">&rarr;<\/span><\/a><\/p>\n","protected":false},"author":1,"featured_media":0,"parent":0,"menu_order":0,"comment_status":"closed","ping_status":"closed","template":"","meta":{"ngg_post_thumbnail":0,"footnotes":""},"class_list":["post-86","page","type-page","status-publish","hentry"],"_links":{"self":[{"href":"https:\/\/parafiaszczawa.pl\/index.php\/wp-json\/wp\/v2\/pages\/86","targetHints":{"allow":["GET"]}}],"collection":[{"href":"https:\/\/parafiaszczawa.pl\/index.php\/wp-json\/wp\/v2\/pages"}],"about":[{"href":"https:\/\/parafiaszczawa.pl\/index.php\/wp-json\/wp\/v2\/types\/page"}],"author":[{"embeddable":true,"href":"https:\/\/parafiaszczawa.pl\/index.php\/wp-json\/wp\/v2\/users\/1"}],"replies":[{"embeddable":true,"href":"https:\/\/parafiaszczawa.pl\/index.php\/wp-json\/wp\/v2\/comments?post=86"}],"version-history":[{"count":9,"href":"https:\/\/parafiaszczawa.pl\/index.php\/wp-json\/wp\/v2\/pages\/86\/revisions"}],"predecessor-version":[{"id":750,"href":"https:\/\/parafiaszczawa.pl\/index.php\/wp-json\/wp\/v2\/pages\/86\/revisions\/750"}],"wp:attachment":[{"href":"https:\/\/parafiaszczawa.pl\/index.php\/wp-json\/wp\/v2\/media?parent=86"}],"curies":[{"name":"wp","href":"https:\/\/api.w.org\/{rel}","templated":true}]}}